    {"id":362,"date":"2025-03-27T14:04:49","date_gmt":"2025-03-27T14:04:49","guid":{"rendered":"https:\/\/zapnax.com\/?page_id=362"},"modified":"2025-03-27T14:04:50","modified_gmt":"2025-03-27T14:04:50","slug":"contact","status":"publish","type":"page","link":"http:\/\/zapnax.com\/es\/contact\/","title":{"rendered":"Contacto"},"content":{"rendered":"<p>Gracias por visitar ZAPNAX, tu plataforma de confianza para descubrir, comprender y aprovechar al m\u00e1ximo las aplicaciones m\u00f3viles. Agradecemos tu inter\u00e9s y siempre estamos dispuestos a conectar con nuestra comunidad. Si tienes alguna pregunta, sugerencia o simplemente quieres saludarnos, puedes contactarnos de esta manera:<\/p>\n\n\n\n<h3 class=\"wp-block-heading\">Consultas generales<\/h3>\n\n\n\n<p>Para preguntas generales sobre ZAPNAX o para ponerse en contacto con nuestro equipo, no dude en enviarnos un correo electr\u00f3nico a <strong><a>info@zapnax.com<\/a><\/strong><br>Siempre nos complace recibir noticias de otros amantes de las aplicaciones y nos comunicaremos con usted lo antes posible.<\/p>\n\n\n\n<h3 class=\"wp-block-heading\">Sugerencias y contribuciones de contenido<\/h3>\n\n\n\n<p>\u00bfTienes una aplicaci\u00f3n que te gustar\u00eda que analiz\u00e1ramos? \u00bfQuieres compartir tu opini\u00f3n o proponer una idea para un art\u00edculo? Escr\u00edbenos a <strong><a>editor@zapnax.com<\/a><\/strong><br>Nos encantan las perspectivas nuevas y siempre estamos abiertos a presentar nuevas voces en el espacio de la tecnolog\u00eda m\u00f3vil.<\/p>\n\n\n\n<h3 class=\"wp-block-heading\">Apoyo t\u00e9cnico<\/h3>\n\n\n\n<p>Si tiene alg\u00fan problema mientras navega por ZAPNAX o tiene problemas para acceder a nuestro contenido, comun\u00edquese con nosotros en <strong><a>soporte@zapnax.com<\/a><\/strong><br>Nuestro equipo de soporte est\u00e1 aqu\u00ed para garantizar que su experiencia sea fluida y agradable.<\/p>\n\n\n\n<h3 class=\"wp-block-heading\">Mantente conectado<\/h3>\n\n\n\n<p>ZAPNAX es una plataforma digital impulsada por una comunidad de usuarios curiosos y expertos en tecnolog\u00eda de todo el mundo. Si bien no operamos desde una oficina f\u00edsica, siempre estamos en l\u00ednea, listos para conectar, apoyar y crecer junto a usted.<\/p>\n\n\n\n<p>Gracias de nuevo por formar parte de ZAPNAX. \u00a1Estamos deseando saber de ti!<\/p>\n\n\n\n<p>Mejor,<br>El equipo ZAPNAX<\/p>","protected":false},"excerpt":{"rendered":"<p>Gracias por visitar ZAPNAX, tu plataforma de confianza para descubrir, comprender y aprovechar al m\u00e1ximo las aplicaciones m\u00f3viles. Agradecemos tu inter\u00e9s y siempre estamos dispuestos a conectar con nuestra comunidad. Si tienes alguna pregunta, sugerencia o simplemente quieres saludarnos, puedes contactarnos aqu\u00ed: Consultas generales. Para preguntas generales [\u2026]<\/p>","protected":false},"author":76,"featured_media":0,"parent":0,"menu_order":0,"comment_status":"closed","ping_status":"closed","template":"","meta":{"footnotes":""},"yoast_head":"<!-- This site is optimized with the Yoast SEO plugin v23.3 - https:\/\/yoast.com\/wordpress\/plugins\/seo\/ -->\n<title>Contact - Zapnax<\/title>\n<meta name=\"robots\" content=\"index, follow, max-snippet:-1, max-image-preview:large, max-video-preview:-1\" \/>\n<link rel=\"canonical\" href=\"http:\/\/zapnax.com\/es\/contact\/\" \/>\n<meta property=\"og:locale\" content=\"es_MX\" \/>\n<meta property=\"og:type\" content=\"article\" \/>\n<meta property=\"og:title\" content=\"Contact - Zapnax\" \/>\n<meta property=\"og:description\" content=\"Thank you for visiting ZAPNAX, your trusted hub for discovering, understanding, and making the most of mobile apps. We appreciate your interest and are always eager to connect with our community. Whether you have a question, a suggestion, or just want to say hello, here\u2019s how you can reach us: General Inquiries For general questions [&hellip;]\" \/>\n<meta property=\"og:url\" content=\"http:\/\/zapnax.com\/es\/contact\/\" \/>\n<meta property=\"og:site_name\" content=\"Zapnax\" \/>\n<meta property=\"article:modified_time\" content=\"2025-03-27T14:04:50+00:00\" \/>\n<meta name=\"twitter:card\" content=\"summary_large_image\" \/>\n<meta name=\"twitter:label1\" content=\"Est. reading time\" \/>\n\t<meta name=\"twitter:data1\" content=\"1 minuto\" \/>\n<script type=\"application\/ld+json\" class=\"yoast-schema-graph\">{\"@context\":\"https:\/\/schema.org\",\"@graph\":[{\"@type\":\"WebPage\",\"@id\":\"http:\/\/zapnax.com\/contact\/\",\"url\":\"http:\/\/zapnax.com\/contact\/\",\"name\":\"Contact - Zapnax\",\"isPartOf\":{\"@id\":\"https:\/\/zapnax.com\/#website\"},\"datePublished\":\"2025-03-27T14:04:49+00:00\",\"dateModified\":\"2025-03-27T14:04:50+00:00\",\"breadcrumb\":{\"@id\":\"http:\/\/zapnax.com\/contact\/#breadcrumb\"},\"inLanguage\":\"es-MX\",\"potentialAction\":[{\"@type\":\"ReadAction\",\"target\":[\"http:\/\/zapnax.com\/contact\/\"]}]},{\"@type\":\"BreadcrumbList\",\"@id\":\"http:\/\/zapnax.com\/contact\/#breadcrumb\",\"itemListElement\":[{\"@type\":\"ListItem\",\"position\":1,\"name\":\"Home\",\"item\":\"https:\/\/zapnax.com\/\"},{\"@type\":\"ListItem\",\"position\":2,\"name\":\"Contact\"}]},{\"@type\":\"WebSite\",\"@id\":\"https:\/\/zapnax.com\/#website\",\"url\":\"https:\/\/zapnax.com\/\",\"name\":\"Zapnax\",\"description\":\"\",\"publisher\":{\"@id\":\"https:\/\/zapnax.com\/#organization\"},\"potentialAction\":[{\"@type\":\"SearchAction\",\"target\":{\"@type\":\"EntryPoint\",\"urlTemplate\":\"https:\/\/zapnax.com\/?s={search_term_string}\"},\"query-input\":\"required name=search_term_string\"}],\"inLanguage\":\"es-MX\"},{\"@type\":\"Organization\",\"@id\":\"https:\/\/zapnax.com\/#organization\",\"name\":\"Zapnax\",\"url\":\"https:\/\/zapnax.com\/\",\"logo\":{\"@type\":\"ImageObject\",\"inLanguage\":\"es-MX\",\"@id\":\"https:\/\/zapnax.com\/#\/schema\/logo\/image\/\",\"url\":\"http:\/\/zapnax.com\/wp-content\/uploads\/sites\/158\/2025\/03\/cropped-cropped-Black-Circles-Art-Design-Logo-1.png\",\"contentUrl\":\"http:\/\/zapnax.com\/wp-content\/uploads\/sites\/158\/2025\/03\/cropped-cropped-Black-Circles-Art-Design-Logo-1.png\",\"width\":512,\"height\":512,\"caption\":\"Zapnax\"},\"image\":{\"@id\":\"https:\/\/zapnax.com\/#\/schema\/logo\/image\/\"}}]}<\/script>\n<!-- \/ Yoast SEO plugin. -->","yoast_head_json":{"title":"Contact - Zapnax","robots":{"index":"index","follow":"follow","max-snippet":"max-snippet:-1","max-image-preview":"max-image-preview:large","max-video-preview":"max-video-preview:-1"},"canonical":"http:\/\/zapnax.com\/es\/contact\/","og_locale":"es_MX","og_type":"article","og_title":"Contact - Zapnax","og_description":"Thank you for visiting ZAPNAX, your trusted hub for discovering, understanding, and making the most of mobile apps. We appreciate your interest and are always eager to connect with our community. Whether you have a question, a suggestion, or just want to say hello, here\u2019s how you can reach us: General Inquiries For general questions [&hellip;]","og_url":"http:\/\/zapnax.com\/es\/contact\/","og_site_name":"Zapnax","article_modified_time":"2025-03-27T14:04:50+00:00","twitter_card":"summary_large_image","twitter_misc":{"Est. reading time":"1 minuto"},"schema":{"@context":"https:\/\/schema.org","@graph":[{"@type":"WebPage","@id":"http:\/\/zapnax.com\/contact\/","url":"http:\/\/zapnax.com\/contact\/","name":"Contact - Zapnax","isPartOf":{"@id":"https:\/\/zapnax.com\/#website"},"datePublished":"2025-03-27T14:04:49+00:00","dateModified":"2025-03-27T14:04:50+00:00","breadcrumb":{"@id":"http:\/\/zapnax.com\/contact\/#breadcrumb"},"inLanguage":"es-MX","potentialAction":[{"@type":"ReadAction","target":["http:\/\/zapnax.com\/contact\/"]}]},{"@type":"BreadcrumbList","@id":"http:\/\/zapnax.com\/contact\/#breadcrumb","itemListElement":[{"@type":"ListItem","position":1,"name":"Home","item":"https:\/\/zapnax.com\/"},{"@type":"ListItem","position":2,"name":"Contact"}]},{"@type":"WebSite","@id":"https:\/\/zapnax.com\/#website","url":"https:\/\/zapnax.com\/","name":"Zapnax","description":"","publisher":{"@id":"https:\/\/zapnax.com\/#organization"},"potentialAction":[{"@type":"SearchAction","target":{"@type":"EntryPoint","urlTemplate":"https:\/\/zapnax.com\/?s={search_term_string}"},"query-input":"required name=search_term_string"}],"inLanguage":"es-MX"},{"@type":"Organization","@id":"https:\/\/zapnax.com\/#organization","name":"Zapnax","url":"https:\/\/zapnax.com\/","logo":{"@type":"ImageObject","inLanguage":"es-MX","@id":"https:\/\/zapnax.com\/#\/schema\/logo\/image\/","url":"http:\/\/zapnax.com\/wp-content\/uploads\/sites\/158\/2025\/03\/cropped-cropped-Black-Circles-Art-Design-Logo-1.png","contentUrl":"http:\/\/zapnax.com\/wp-content\/uploads\/sites\/158\/2025\/03\/cropped-cropped-Black-Circles-Art-Design-Logo-1.png","width":512,"height":512,"caption":"Zapnax"},"image":{"@id":"https:\/\/zapnax.com\/#\/schema\/logo\/image\/"}}]}},"_links":{"self":[{"href":"http:\/\/zapnax.com\/es\/wp-json\/wp\/v2\/pages\/362"}],"collection":[{"href":"http:\/\/zapnax.com\/es\/wp-json\/wp\/v2\/pages"}],"about":[{"href":"http:\/\/zapnax.com\/es\/wp-json\/wp\/v2\/types\/page"}],"author":[{"embeddable":true,"href":"http:\/\/zapnax.com\/es\/wp-json\/wp\/v2\/users\/76"}],"replies":[{"embeddable":true,"href":"http:\/\/zapnax.com\/es\/wp-json\/wp\/v2\/comments?post=362"}],"version-history":[{"count":1,"href":"http:\/\/zapnax.com\/es\/wp-json\/wp\/v2\/pages\/362\/revisions"}],"predecessor-version":[{"id":363,"href":"http:\/\/zapnax.com\/es\/wp-json\/wp\/v2\/pages\/362\/revisions\/363"}],"wp:attachment":[{"href":"http:\/\/zapnax.com\/es\/wp-json\/wp\/v2\/media?parent=362"}],"curies":[{"name":"wp","href":"https:\/\/api.w.org\/{rel}","templated":true}]}}