    {"id":362,"date":"2025-03-27T14:04:49","date_gmt":"2025-03-27T14:04:49","guid":{"rendered":"https:\/\/zapnax.com\/?page_id=362"},"modified":"2025-03-27T14:04:50","modified_gmt":"2025-03-27T14:04:50","slug":"contact","status":"publish","type":"page","link":"http:\/\/zapnax.com\/pt\/contact\/","title":{"rendered":"Contato"},"content":{"rendered":"<p>Obrigado por visitar o ZAPNAX, seu centro de informa\u00e7\u00f5es confi\u00e1vel para descobrir, entender e aproveitar ao m\u00e1ximo os aplicativos m\u00f3veis. Agradecemos seu interesse e estamos sempre ansiosos para interagir com nossa comunidade. Se voc\u00ea tiver alguma d\u00favida, sugest\u00e3o ou simplesmente quiser nos dar um oi, veja como entrar em contato:<\/p>\n\n\n\n<h3 class=\"wp-block-heading\">Consultas gerais<\/h3>\n\n\n\n<p>Para perguntas gerais sobre a ZAPNAX ou para entrar em contato com nossa equipe, envie um e-mail para <strong><a>info@zapnax.com<\/a><\/strong><br>Ficamos sempre felizes em receber mensagens de outros f\u00e3s de aplicativos e entraremos em contato assim que poss\u00edvel.<\/p>\n\n\n\n<h3 class=\"wp-block-heading\">Sugest\u00f5es e contribui\u00e7\u00f5es de conte\u00fado<\/h3>\n\n\n\n<p>Tem um aplicativo que gostaria que analis\u00e1ssemos? Quer compartilhar suas ideias ou sugerir um artigo? Entre em contato conosco pelo e-mail [inserir e-mail aqui] <strong><a>editor@zapnax.com<\/a><\/strong><br>Adoramos novas perspectivas e estamos sempre abertos a dar destaque a novas vozes no universo da tecnologia m\u00f3vel.<\/p>\n\n\n\n<h3 class=\"wp-block-heading\">Suporte t\u00e9cnico<\/h3>\n\n\n\n<p>Se voc\u00ea estiver enfrentando algum problema ao navegar no ZAPNAX ou tiver dificuldades para acessar nosso conte\u00fado, entre em contato conosco pelo endere\u00e7o: <strong><a>suporte@zapnax.com<\/a><\/strong><br>Nossa equipe de suporte est\u00e1 aqui para garantir que sua experi\u00eancia seja tranquila e agrad\u00e1vel.<\/p>\n\n\n\n<h3 class=\"wp-block-heading\">Mantenha-se conectado<\/h3>\n\n\n\n<p>A ZAPNAX \u00e9 uma plataforma digital que impulsiona uma comunidade de usu\u00e1rios curiosos e com conhecimento de tecnologia do mundo todo. Embora n\u00e3o tenhamos um escrit\u00f3rio f\u00edsico, estamos sempre online, prontos para interagir, dar suporte e crescer junto com voc\u00ea.<\/p>\n\n\n\n<p>Agradecemos novamente por fazer parte da ZAPNAX. Estamos ansiosos para ouvir de voc\u00ea!<\/p>\n\n\n\n<p>Melhor,<br>A Equipe ZAPNAX<\/p>","protected":false},"excerpt":{"rendered":"<p>Obrigado por visitar o ZAPNAX, seu centro de confian\u00e7a para descobrir, entender e aproveitar ao m\u00e1ximo os aplicativos m\u00f3veis. Agradecemos seu interesse e estamos sempre ansiosos para nos conectar com nossa comunidade. Se voc\u00ea tiver uma pergunta, uma sugest\u00e3o ou apenas quiser dizer ol\u00e1, veja como entrar em contato conosco: D\u00favidas Gerais Para perguntas gerais [\u2026]<\/p>","protected":false},"author":76,"featured_media":0,"parent":0,"menu_order":0,"comment_status":"closed","ping_status":"closed","template":"","meta":{"footnotes":""},"yoast_head":"<!-- This site is optimized with the Yoast SEO plugin v23.3 - https:\/\/yoast.com\/wordpress\/plugins\/seo\/ -->\n<title>Contact - Zapnax<\/title>\n<meta name=\"robots\" content=\"index, follow, max-snippet:-1, max-image-preview:large, max-video-preview:-1\" \/>\n<link rel=\"canonical\" href=\"http:\/\/zapnax.com\/pt\/contact\/\" \/>\n<meta property=\"og:locale\" content=\"pt_BR\" \/>\n<meta property=\"og:type\" content=\"article\" \/>\n<meta property=\"og:title\" content=\"Contact - Zapnax\" \/>\n<meta property=\"og:description\" content=\"Thank you for visiting ZAPNAX, your trusted hub for discovering, understanding, and making the most of mobile apps. We appreciate your interest and are always eager to connect with our community. Whether you have a question, a suggestion, or just want to say hello, here\u2019s how you can reach us: General Inquiries For general questions [&hellip;]\" \/>\n<meta property=\"og:url\" content=\"http:\/\/zapnax.com\/pt\/contact\/\" \/>\n<meta property=\"og:site_name\" content=\"Zapnax\" \/>\n<meta property=\"article:modified_time\" content=\"2025-03-27T14:04:50+00:00\" \/>\n<meta name=\"twitter:card\" content=\"summary_large_image\" \/>\n<meta name=\"twitter:label1\" content=\"Est. reading time\" \/>\n\t<meta name=\"twitter:data1\" content=\"1 minuto\" \/>\n<script type=\"application\/ld+json\" class=\"yoast-schema-graph\">{\"@context\":\"https:\/\/schema.org\",\"@graph\":[{\"@type\":\"WebPage\",\"@id\":\"http:\/\/zapnax.com\/contact\/\",\"url\":\"http:\/\/zapnax.com\/contact\/\",\"name\":\"Contact - Zapnax\",\"isPartOf\":{\"@id\":\"https:\/\/zapnax.com\/#website\"},\"datePublished\":\"2025-03-27T14:04:49+00:00\",\"dateModified\":\"2025-03-27T14:04:50+00:00\",\"breadcrumb\":{\"@id\":\"http:\/\/zapnax.com\/contact\/#breadcrumb\"},\"inLanguage\":\"pt-BR\",\"potentialAction\":[{\"@type\":\"ReadAction\",\"target\":[\"http:\/\/zapnax.com\/contact\/\"]}]},{\"@type\":\"BreadcrumbList\",\"@id\":\"http:\/\/zapnax.com\/contact\/#breadcrumb\",\"itemListElement\":[{\"@type\":\"ListItem\",\"position\":1,\"name\":\"Home\",\"item\":\"https:\/\/zapnax.com\/\"},{\"@type\":\"ListItem\",\"position\":2,\"name\":\"Contact\"}]},{\"@type\":\"WebSite\",\"@id\":\"https:\/\/zapnax.com\/#website\",\"url\":\"https:\/\/zapnax.com\/\",\"name\":\"Zapnax\",\"description\":\"\",\"publisher\":{\"@id\":\"https:\/\/zapnax.com\/#organization\"},\"potentialAction\":[{\"@type\":\"SearchAction\",\"target\":{\"@type\":\"EntryPoint\",\"urlTemplate\":\"https:\/\/zapnax.com\/?s={search_term_string}\"},\"query-input\":\"required name=search_term_string\"}],\"inLanguage\":\"pt-BR\"},{\"@type\":\"Organization\",\"@id\":\"https:\/\/zapnax.com\/#organization\",\"name\":\"Zapnax\",\"url\":\"https:\/\/zapnax.com\/\",\"logo\":{\"@type\":\"ImageObject\",\"inLanguage\":\"pt-BR\",\"@id\":\"https:\/\/zapnax.com\/#\/schema\/logo\/image\/\",\"url\":\"http:\/\/zapnax.com\/wp-content\/uploads\/sites\/158\/2025\/03\/cropped-cropped-Black-Circles-Art-Design-Logo-1.png\",\"contentUrl\":\"http:\/\/zapnax.com\/wp-content\/uploads\/sites\/158\/2025\/03\/cropped-cropped-Black-Circles-Art-Design-Logo-1.png\",\"width\":512,\"height\":512,\"caption\":\"Zapnax\"},\"image\":{\"@id\":\"https:\/\/zapnax.com\/#\/schema\/logo\/image\/\"}}]}<\/script>\n<!-- \/ Yoast SEO plugin. -->","yoast_head_json":{"title":"Contact - Zapnax","robots":{"index":"index","follow":"follow","max-snippet":"max-snippet:-1","max-image-preview":"max-image-preview:large","max-video-preview":"max-video-preview:-1"},"canonical":"http:\/\/zapnax.com\/pt\/contact\/","og_locale":"pt_BR","og_type":"article","og_title":"Contact - Zapnax","og_description":"Thank you for visiting ZAPNAX, your trusted hub for discovering, understanding, and making the most of mobile apps. We appreciate your interest and are always eager to connect with our community. Whether you have a question, a suggestion, or just want to say hello, here\u2019s how you can reach us: General Inquiries For general questions [&hellip;]","og_url":"http:\/\/zapnax.com\/pt\/contact\/","og_site_name":"Zapnax","article_modified_time":"2025-03-27T14:04:50+00:00","twitter_card":"summary_large_image","twitter_misc":{"Est. reading time":"1 minuto"},"schema":{"@context":"https:\/\/schema.org","@graph":[{"@type":"WebPage","@id":"http:\/\/zapnax.com\/contact\/","url":"http:\/\/zapnax.com\/contact\/","name":"Contact - Zapnax","isPartOf":{"@id":"https:\/\/zapnax.com\/#website"},"datePublished":"2025-03-27T14:04:49+00:00","dateModified":"2025-03-27T14:04:50+00:00","breadcrumb":{"@id":"http:\/\/zapnax.com\/contact\/#breadcrumb"},"inLanguage":"pt-BR","potentialAction":[{"@type":"ReadAction","target":["http:\/\/zapnax.com\/contact\/"]}]},{"@type":"BreadcrumbList","@id":"http:\/\/zapnax.com\/contact\/#breadcrumb","itemListElement":[{"@type":"ListItem","position":1,"name":"Home","item":"https:\/\/zapnax.com\/"},{"@type":"ListItem","position":2,"name":"Contact"}]},{"@type":"WebSite","@id":"https:\/\/zapnax.com\/#website","url":"https:\/\/zapnax.com\/","name":"Zapnax","description":"","publisher":{"@id":"https:\/\/zapnax.com\/#organization"},"potentialAction":[{"@type":"SearchAction","target":{"@type":"EntryPoint","urlTemplate":"https:\/\/zapnax.com\/?s={search_term_string}"},"query-input":"required name=search_term_string"}],"inLanguage":"pt-BR"},{"@type":"Organization","@id":"https:\/\/zapnax.com\/#organization","name":"Zapnax","url":"https:\/\/zapnax.com\/","logo":{"@type":"ImageObject","inLanguage":"pt-BR","@id":"https:\/\/zapnax.com\/#\/schema\/logo\/image\/","url":"http:\/\/zapnax.com\/wp-content\/uploads\/sites\/158\/2025\/03\/cropped-cropped-Black-Circles-Art-Design-Logo-1.png","contentUrl":"http:\/\/zapnax.com\/wp-content\/uploads\/sites\/158\/2025\/03\/cropped-cropped-Black-Circles-Art-Design-Logo-1.png","width":512,"height":512,"caption":"Zapnax"},"image":{"@id":"https:\/\/zapnax.com\/#\/schema\/logo\/image\/"}}]}},"_links":{"self":[{"href":"http:\/\/zapnax.com\/pt\/wp-json\/wp\/v2\/pages\/362"}],"collection":[{"href":"http:\/\/zapnax.com\/pt\/wp-json\/wp\/v2\/pages"}],"about":[{"href":"http:\/\/zapnax.com\/pt\/wp-json\/wp\/v2\/types\/page"}],"author":[{"embeddable":true,"href":"http:\/\/zapnax.com\/pt\/wp-json\/wp\/v2\/users\/76"}],"replies":[{"embeddable":true,"href":"http:\/\/zapnax.com\/pt\/wp-json\/wp\/v2\/comments?post=362"}],"version-history":[{"count":1,"href":"http:\/\/zapnax.com\/pt\/wp-json\/wp\/v2\/pages\/362\/revisions"}],"predecessor-version":[{"id":363,"href":"http:\/\/zapnax.com\/pt\/wp-json\/wp\/v2\/pages\/362\/revisions\/363"}],"wp:attachment":[{"href":"http:\/\/zapnax.com\/pt\/wp-json\/wp\/v2\/media?parent=362"}],"curies":[{"name":"wp","href":"https:\/\/api.w.org\/{rel}","templated":true}]}}